{"id":5013,"date":"2019-08-28T09:14:16","date_gmt":"2019-08-28T08:14:16","guid":{"rendered":"https:\/\/aroolla.com\/?post_type=product&#038;p=5013"},"modified":"2019-09-11T09:32:26","modified_gmt":"2019-09-11T08:32:26","slug":"roasteria-mano-refill-kit","status":"publish","type":"product","link":"https:\/\/aroolla.com\/fr\/produit\/roasteria-mano-refill-kit\/","title":{"rendered":"Roasteria Mano Game Set Refill"},"content":{"rendered":"<p>Ce kit contient un nouveau jeu de documents pour vous permettre de r\u00e9utiliser les Game Sets \u00e0 la fin d&#8217;une partie Roasteria Mano.<\/p>\n<ul>\n<li>1 kit de documents (10x bulletin de commande, 10x bulletin de livraison, 10x facture fournisseur, 10x facture client, 10x ch\u00e8que, 10x ch\u00e8que client, 25 ordres de fabrication)<\/li>\n<\/ul>\n<p>Le kit ne contient pas de capsules, caf\u00e9, cartons, vous pouvez les r\u00e9cup\u00e9rer en fin de partie.<\/p>\n<p><em>Livraison<\/em><\/p>\n<p>Les kits contiennent tous les documents n\u00e9cessaires pour l&#8217;\u00e9quipe et le meneur de jeu. Le meneur de jeu doit garder les factures fournisseur ainsi que les ch\u00e8ques clients.<\/p>\n","protected":false},"excerpt":{"rendered":"<p>Jeu de documents pour r\u00e9utiliser les kits Roasteria Mano<\/p>\n","protected":false},"featured_media":4850,"template":"","meta":[],"product_cat":[101],"product_tag":[87,86],"_links":{"self":[{"href":"https:\/\/aroolla.com\/fr\/wp-json\/wp\/v2\/product\/5013"}],"collection":[{"href":"https:\/\/aroolla.com\/fr\/wp-json\/wp\/v2\/product"}],"about":[{"href":"https:\/\/aroolla.com\/fr\/wp-json\/wp\/v2\/types\/product"}],"wp:featuredmedia":[{"embeddable":true,"href":"https:\/\/aroolla.com\/fr\/wp-json\/wp\/v2\/media\/4850"}],"wp:attachment":[{"href":"https:\/\/aroolla.com\/fr\/wp-json\/wp\/v2\/media?parent=5013"}],"wp:term":[{"taxonomy":"product_cat","embeddable":true,"href":"https:\/\/aroolla.com\/fr\/wp-json\/wp\/v2\/product_cat?post=5013"},{"taxonomy":"product_tag","embeddable":true,"href":"https:\/\/aroolla.com\/fr\/wp-json\/wp\/v2\/product_tag?post=5013"}],"curies":[{"name":"wp","href":"https:\/\/api.w.org\/{rel}","templated":true}]}}