{"id":4839,"date":"2019-08-27T14:27:03","date_gmt":"2019-08-27T13:27:03","guid":{"rendered":"http:\/\/aroolla.com\/?post_type=product&#038;p=4839"},"modified":"2023-06-05T10:37:49","modified_gmt":"2023-06-05T09:37:49","slug":"roasteria-mano-team-kit","status":"publish","type":"product","link":"https:\/\/aroolla.com\/fr\/produit\/roasteria-mano-team-kit\/","title":{"rendered":"Roasteria Mano Game Set"},"content":{"rendered":"<p>Le kit Roasteria Mano contient tout le mat\u00e9riel n\u00e9cessaire pour une \u00e9quipe de 4 joueurs.<\/p>\n<ul>\n<li>100 capsules<\/li>\n<li>3 cartons \u00e0 capsules<\/li>\n<li>60g de grains de caf\u00e9<\/li>\n<li>1 kit de documents (10x bulletin de commande, 10x bulletin de livraison, 10x facture fournisseur, 10x facture client, 10x ch\u00e8que, 10x ch\u00e8que client, 25 ordres de fabrication)<\/li>\n<li>1 paquet de post-it<\/li>\n<\/ul>\n<p>Pour l&#8217;utilisation dans le cadre d&#8217;une classe, vous devez encore donner 4 feuilles blanches ainsi qu&#8217;une feuille de r\u00e9sultat (lien vers template) \u00e0 chaque groupe.<\/p>\n<p><em>Livraison<\/em><\/p>\n<p>Si vous commandez 1 kit, tout le mat\u00e9riel est dans la pochette. Si vous commandez plusieurs kits, seul le mat\u00e9riel n\u00e9cessaire au d\u00e9but du jeu se trouve dans la pochette de chaque \u00e9quipe. Le reste du mat\u00e9riel (capsules suppl\u00e9mentaires, ch\u00e8ques clients, factures fournisseurs) est emball\u00e9 s\u00e9par\u00e9ment pour le meneur de jeu.<\/p>\n","protected":false},"excerpt":{"rendered":"<p>Mat\u00e9riel pour une \u00e9quipe participant au jeu Roasteria Mano<\/p>\n","protected":false},"featured_media":4850,"template":"","meta":[],"product_cat":[101],"product_tag":[87,86],"_links":{"self":[{"href":"https:\/\/aroolla.com\/fr\/wp-json\/wp\/v2\/product\/4839"}],"collection":[{"href":"https:\/\/aroolla.com\/fr\/wp-json\/wp\/v2\/product"}],"about":[{"href":"https:\/\/aroolla.com\/fr\/wp-json\/wp\/v2\/types\/product"}],"wp:featuredmedia":[{"embeddable":true,"href":"https:\/\/aroolla.com\/fr\/wp-json\/wp\/v2\/media\/4850"}],"wp:attachment":[{"href":"https:\/\/aroolla.com\/fr\/wp-json\/wp\/v2\/media?parent=4839"}],"wp:term":[{"taxonomy":"product_cat","embeddable":true,"href":"https:\/\/aroolla.com\/fr\/wp-json\/wp\/v2\/product_cat?post=4839"},{"taxonomy":"product_tag","embeddable":true,"href":"https:\/\/aroolla.com\/fr\/wp-json\/wp\/v2\/product_tag?post=4839"}],"curies":[{"name":"wp","href":"https:\/\/api.w.org\/{rel}","templated":true}]}}