{"id":558,"date":"2019-09-05T16:47:37","date_gmt":"2019-09-05T15:47:37","guid":{"rendered":"http:\/\/consulting.stylemixthemes.com\/?page_id=558"},"modified":"2020-02-25T14:41:08","modified_gmt":"2020-02-25T13:41:08","slug":"our-games","status":"publish","type":"page","link":"https:\/\/aroolla.com\/fr\/our-games\/","title":{"rendered":"Jeux"},"content":{"rendered":"<p>[vc_row css=&#8221;.vc_custom_1540962548235{margin-bottom: 30px !important;}&#8221;][vc_column offset=&#8221;vc_col-lg-9 vc_col-md-9&#8243;][vc_column_text]<\/p>\n<h2>L&#8217;univers Roasteria<\/h2>\n<p dir=\"ltr\">Plongez dans le feu de l\u2019action en exploitant votre propre entreprise de caf\u00e9! Des champs d\u2019Ethiopie aux tables des restaurants, les joueurs d\u00e9finissent leurs gammes de produits, en assurent la promotion et organisent leurs op\u00e9rations pour r\u00e9aliser la meilleure performance possible.<\/p>\n<p>Nos jeux de simulation suivent une progression logique pour offrir une exp\u00e9rience d\u2019apprentissage efficace. <strong>Mano <\/strong>d\u00e9signe la version \u201cpapier-carton\u201d du jeu. Sans ordinateur et en \u00e9quipe, les participants d\u00e9couvrent les principaux processus de l&#8217;entreprise en manipulant physiquement produits et documents. Ce jeu a pour objectif de faire comprendre l&#8217;importance d&#8217;un syst\u00e8me d&#8217;information.<\/p>\n<p>Dans la version <strong>Solo, <\/strong>le joueur part des processus du jeu Mano et les configure au sein d&#8217;une application de gestion: Odoo. Gr\u00e2ce \u00e0 des aides contextuelles, il apprend individuellement \u00e0 configurer et ma\u00eetriser Odoo pour accomplir, \u00e0 son propre rythme, les t\u00e2ches n\u00e9cessaires \u00e0 la bonne ex\u00e9cution du processus m\u00e9tier.<\/p>\n<p>Le jeu <strong>Largo <\/strong>s\u2019appuie sur les comp\u00e9tences d\u00e9velopp\u00e9es dans Mano et Solo pour offrir aux participants une exp\u00e9rience palpitante et formatrice. Dans cette version, les participants sont plong\u00e9s dans un march\u00e9 concurrentiel o\u00f9 ils doivent r\u00e9aliser, en temps r\u00e9el et en \u00e9quipe, la meilleure performance possible. Coordination, prise de d\u00e9cision, ma\u00eetrise des processus et du logiciel de gestion sont indispensables pour gagner.[\/vc_column_text][vc_row_inner][vc_column_inner width=&#8221;1\/3&#8243;][stm_pricing_plan title=&#8221;Inizio&#8221; price=&#8221;CHF 1000&#8243; label=&#8221;1 jour&#8221; link=&#8221;url:https%3A%2F%2Faroolla.com%2Fservices%2Froasteria-mano%2F|title:Mano||&#8221;]<\/p>\n<hr \/>\n<p>La solution pour exp\u00e9rimenter la gestion d\u2019entreprise. Id\u00e9al pour une journ\u00e9e d\u2019introduction aux processus de gestion et aux ERP.<\/p>\n<hr \/>\n<p><img loading=\"lazy\" class=\"alignnone size-medium wp-image-5505\" src=\"https:\/\/aroolla.com\/wp-content\/uploads\/2019\/09\/mano2-300x149.png\" alt=\"\" width=\"300\" height=\"149\" srcset=\"https:\/\/aroolla.com\/wp-content\/uploads\/2019\/09\/mano2-300x149.png 300w, https:\/\/aroolla.com\/wp-content\/uploads\/2019\/09\/mano2-768x381.png 768w, https:\/\/aroolla.com\/wp-content\/uploads\/2019\/09\/mano2-1024x508.png 1024w, https:\/\/aroolla.com\/wp-content\/uploads\/2019\/09\/mano2-1110x550.png 1110w, https:\/\/aroolla.com\/wp-content\/uploads\/2019\/09\/mano2-600x297.png 600w, https:\/\/aroolla.com\/wp-content\/uploads\/2019\/09\/mano2.png 1600w\" sizes=\"(max-width: 300px) 100vw, 300px\" \/><\/p>\n<hr \/>\n<p>1x Jeu Mano (10 kits)<\/p>\n<hr \/>\n<p>1x Jeu Solo Premium<\/p>\n<hr \/>\n<p>1x Jeu Largo 4 heures<\/p>\n<hr \/>\n<p>[\/stm_pricing_plan][\/vc_column_inner][vc_column_inner width=&#8221;1\/3&#8243;][stm_pricing_plan title=&#8221;Pratico&#8221; price=&#8221;CHF 1600&#8243; label=&#8221;Semestre&#8221; link=&#8221;url:https%3A%2F%2Faroolla.com%2Fservices%2Froasteria-solo%2F|title:Solo||&#8221;]<\/p>\n<hr \/>\n<p><span style=\"font-weight: 400;\">Le compl\u00e9ment aux formations de gestion. Illustre les aspects de la gestion d\u2019entreprise, les processus, la prise de d\u00e9cision et les SI.<\/span><\/p>\n<hr \/>\n<p><img loading=\"lazy\" class=\"alignnone wp-image-7074 size-medium\" src=\"https:\/\/aroolla.com\/wp-content\/uploads\/2019\/12\/solo-scrschot-2-300x148.png\" alt=\"\" width=\"300\" height=\"148\" srcset=\"https:\/\/aroolla.com\/wp-content\/uploads\/2019\/12\/solo-scrschot-2-300x148.png 300w, https:\/\/aroolla.com\/wp-content\/uploads\/2019\/12\/solo-scrschot-2.png 465w\" sizes=\"(max-width: 300px) 100vw, 300px\" \/><\/p>\n<hr \/>\n<p>1x Jeu Mano (10 kits)<\/p>\n<hr \/>\n<p>1x Jeu Solo Premium<\/p>\n<hr \/>\n<p>5x Jeu Largo 2 heures<\/p>\n<hr \/>\n<p>[\/stm_pricing_plan][\/vc_column_inner][vc_column_inner width=&#8221;1\/3&#8243;][stm_pricing_plan title=&#8221;Maestro&#8221; price=&#8221;CHF 3000&#8243; label=&#8221;Cours bloc&#8221; link=&#8221;url:https%3A%2F%2Faroolla.com%2Fservices%2Froasteria-largo%2F|title:Largo||&#8221;]<\/p>\n<hr \/>\n<p><span style=\"font-weight: 400;\">Le capstone pour les business schools. La comp\u00e9tition qui permet de d\u00e9finir et mettre en oeuvre sa strat\u00e9gie avec les outils modernes de gestion.<\/span><\/p>\n<hr \/>\n<p><img loading=\"lazy\" class=\"alignnone size-medium wp-image-5186\" src=\"https:\/\/aroolla.com\/wp-content\/uploads\/2019\/09\/2019-02-15-10.32.52-300x146.jpg\" alt=\"\" width=\"300\" height=\"146\" srcset=\"https:\/\/aroolla.com\/wp-content\/uploads\/2019\/09\/2019-02-15-10.32.52-300x146.jpg 300w, https:\/\/aroolla.com\/wp-content\/uploads\/2019\/09\/2019-02-15-10.32.52-768x373.jpg 768w, https:\/\/aroolla.com\/wp-content\/uploads\/2019\/09\/2019-02-15-10.32.52-1024x498.jpg 1024w, https:\/\/aroolla.com\/wp-content\/uploads\/2019\/09\/2019-02-15-10.32.52-600x292.jpg 600w\" sizes=\"(max-width: 300px) 100vw, 300px\" \/><\/p>\n<hr \/>\n<p>1x Jeu Mano (10 kits)<\/p>\n<hr \/>\n<p>1x Jeu Solo Premium<\/p>\n<hr \/>\n<p>5x Jeu Largo 4 heures<\/p>\n<hr \/>\n<p>[\/stm_pricing_plan][\/vc_column_inner][\/vc_row_inner][vc_separator][\/vc_column][vc_column width=&#8221;1\/4&#8243; offset=&#8221;vc_hidden-sm vc_hidden-xs&#8221;][stm_sidebar sidebar=&#8221;311&#8243;][\/vc_column][\/vc_row][vc_row full_width=&#8221;stretch_row&#8221; css=&#8221;.vc_custom_1459505959648{margin-bottom: -60px !important;}&#8221; el_class=&#8221;third_bg_color&#8221;][vc_column][\/vc_column][\/vc_row]<\/p>\n","protected":false},"excerpt":{"rendered":"<p>[vc_row css=&#8221;.vc_custom_1540962548235{margin-bottom: 30px !important;}&#8221;][vc_column offset=&#8221;vc_col-lg-9 vc_col-md-9&#8243;][vc_column_text] L&#8217;univers Roasteria Plongez dans le feu de l\u2019action en exploitant votre propre entreprise de caf\u00e9! Des champs d\u2019Ethiopie aux tables des restaurants, les joueurs d\u00e9finissent leurs gammes de produits, en assurent la promotion et organisent leurs op\u00e9rations pour r\u00e9aliser la meilleure performance possible. Nos jeux de simulation suivent une<\/p>\n","protected":false},"author":1,"featured_media":0,"parent":0,"menu_order":0,"comment_status":"closed","ping_status":"closed","template":"","meta":[],"_links":{"self":[{"href":"https:\/\/aroolla.com\/fr\/wp-json\/wp\/v2\/pages\/558"}],"collection":[{"href":"https:\/\/aroolla.com\/fr\/wp-json\/wp\/v2\/pages"}],"about":[{"href":"https:\/\/aroolla.com\/fr\/wp-json\/wp\/v2\/types\/page"}],"author":[{"embeddable":true,"href":"https:\/\/aroolla.com\/fr\/wp-json\/wp\/v2\/users\/1"}],"replies":[{"embeddable":true,"href":"https:\/\/aroolla.com\/fr\/wp-json\/wp\/v2\/comments?post=558"}],"version-history":[{"count":40,"href":"https:\/\/aroolla.com\/fr\/wp-json\/wp\/v2\/pages\/558\/revisions"}],"predecessor-version":[{"id":8922,"href":"https:\/\/aroolla.com\/fr\/wp-json\/wp\/v2\/pages\/558\/revisions\/8922"}],"wp:attachment":[{"href":"https:\/\/aroolla.com\/fr\/wp-json\/wp\/v2\/media?parent=558"}],"curies":[{"name":"wp","href":"https:\/\/api.w.org\/{rel}","templated":true}]}}