{"id":4935,"date":"2019-08-27T23:01:45","date_gmt":"2019-08-27T22:01:45","guid":{"rendered":"https:\/\/aroolla.com\/?page_id=4935"},"modified":"2019-09-06T07:01:15","modified_gmt":"2019-09-06T06:01:15","slug":"prix","status":"publish","type":"page","link":"https:\/\/aroolla.com\/fr\/prix\/","title":{"rendered":"Prix"},"content":{"rendered":"<p>[vc_row][vc_column][vc_custom_heading text=&#8221;Prix&#8221; use_theme_fonts=&#8221;yes&#8221;][\/vc_column][\/vc_row][vc_row][vc_column width=&#8221;1\/4&#8243;][vc_single_image image=&#8221;4944&#8243; img_size=&#8221;full&#8221;][\/vc_column][vc_column width=&#8221;3\/4&#8243;][vc_column_text]Tous les jeux Aroolla bas\u00e9s sur Odoo (<b>solo<\/b>\u00a0et\u00a0<b>largo<\/b>) sont factur\u00e9s au prix unique de CHF 25.-\/utilisateur\/24h quel que soit le jeu ou la dur\u00e9e d\u2019utilisation. Cette tarification unique vous permet de pr\u00e9parer vos budgets sans soucis.<\/p>\n<p class=\"o_default_snippet_text\">Le prix comprend l\u2019acc\u00e8s au Cloud Aroolla, le mat\u00e9riel p\u00e9dagogique (diapositives et aide-m\u00e9moire), le guide de l\u2019enseignant\u00b7e et l\u2019acc\u00e8s \u00e0 notre support durant toute la dur\u00e9e de votre contrat.<\/p>\n<p>Les jeux de la gamme\u00a0<b>mano<\/b>\u00a0sont gratuits (mat\u00e9riel p\u00e9dagogique et acc\u00e8s au cockpit de l\u2019enseignant\u00b7e) \u00e0 l\u2019exception du mat\u00e9riel imprim\u00e9. Vous pouvez imprimer votre mat\u00e9riel \u00e0 partir de nos mod\u00e8les ou commander nos kits pr\u00eats \u00e0 l\u2019emploi sur notre shop en ligne.[\/vc_column_text][vc_cta h2=&#8221;Int\u00e9grez nos jeux dans votre prochaine formation&#8221; style=&#8221;3d&#8221; add_button=&#8221;right&#8221; btn_title=&#8221;Demander une offre&#8221; btn_color=&#8221;warning&#8221; btn_link=&#8221;url:https%3A%2F%2Faroolla.com%2Four-games%2Forder%2F|title:Commande%20jeux%20s%C3%A9rieux||&#8221; css=&#8221;.vc_custom_1567749670542{padding-top: 15px !important;padding-right: 15px !important;padding-bottom: 15px !important;padding-left: 15px !important;}&#8221;][\/vc_cta][\/vc_column][\/vc_row][vc_row][vc_column width=&#8221;1\/4&#8243;][stm_icon_box box_style=&#8221;style_4&#8243; alignment=&#8221;center&#8221; icon=&#8221;stm-state&#8221; icon_size=&#8221;30&#8243; icon_color=&#8221;secondary&#8221; title=&#8221;Mat\u00e9riel p\u00e9dagogique&#8221;]Le mat\u00e9riel p\u00e9dagogique \u00e0 l&#8217;attention des participants (diapositives, aide-m\u00e9moire) peut \u00eatre adapt\u00e9 facilement aux objectifs p\u00e9dagogiques.[\/stm_icon_box][\/vc_column][vc_column width=&#8221;1\/4&#8243;][stm_icon_box box_style=&#8221;style_4&#8243; alignment=&#8221;center&#8221; icon=&#8221;fa fa-cloud&#8221; icon_size=&#8221;30&#8243; icon_color=&#8221;secondary&#8221; title=&#8221;Cloud haute disponibilit\u00e9&#8221;]H\u00e9bergement haute performance sur un cloud en Europe. Vous b\u00e9n\u00e9ficiez d&#8217;un environnement d\u00e9di\u00e9 \u00e0 votre contrat et d&#8217;une grande bande passante[\/stm_icon_box][\/vc_column][vc_column width=&#8221;1\/4&#8243;][stm_icon_box box_style=&#8221;style_4&#8243; alignment=&#8221;center&#8221; icon=&#8221;fa fa-file-text-o&#8221; icon_size=&#8221;30&#8243; icon_color=&#8221;secondary&#8221; title=&#8221;Guide de l&#8217;enseignant&#8221;]Le guide permet de cr\u00e9er son propre cours \u00e0 partir du mat\u00e9riel fourni. Toutes les informations sur la mise en oeuvre des jeux y sont d\u00e9taill\u00e9es.[\/stm_icon_box][\/vc_column][vc_column width=&#8221;1\/4&#8243;][stm_icon_box box_style=&#8221;style_4&#8243; alignment=&#8221;center&#8221; icon=&#8221;fa fa-comments&#8221; icon_size=&#8221;30&#8243; icon_color=&#8221;secondary&#8221; title=&#8221;Support&#8221;]Lors de la pr\u00e9paration de votre intervention ou lors de la mise en oeuvre, nous sommes l\u00e0 pour r\u00e9pondre \u00e0 vos questions.[\/stm_icon_box][\/vc_column][\/vc_row]<\/p>\n","protected":false},"excerpt":{"rendered":"<p>[vc_row][vc_column][vc_custom_heading text=&#8221;Prix&#8221; use_theme_fonts=&#8221;yes&#8221;][\/vc_column][\/vc_row][vc_row][vc_column width=&#8221;1\/4&#8243;][vc_single_image image=&#8221;4944&#8243; img_size=&#8221;full&#8221;][\/vc_column][vc_column width=&#8221;3\/4&#8243;][vc_column_text]Tous les jeux Aroolla bas\u00e9s sur Odoo (solo\u00a0et\u00a0largo) sont factur\u00e9s au prix unique de CHF 25.-\/utilisateur\/24h quel que soit le jeu ou la dur\u00e9e d\u2019utilisation. Cette tarification unique vous permet de pr\u00e9parer vos budgets sans soucis. Le prix comprend l\u2019acc\u00e8s au Cloud Aroolla, le mat\u00e9riel p\u00e9dagogique (diapositives et aide-m\u00e9moire),<\/p>\n","protected":false},"author":1,"featured_media":0,"parent":0,"menu_order":0,"comment_status":"closed","ping_status":"closed","template":"","meta":[],"_links":{"self":[{"href":"https:\/\/aroolla.com\/fr\/wp-json\/wp\/v2\/pages\/4935"}],"collection":[{"href":"https:\/\/aroolla.com\/fr\/wp-json\/wp\/v2\/pages"}],"about":[{"href":"https:\/\/aroolla.com\/fr\/wp-json\/wp\/v2\/types\/page"}],"author":[{"embeddable":true,"href":"https:\/\/aroolla.com\/fr\/wp-json\/wp\/v2\/users\/1"}],"replies":[{"embeddable":true,"href":"https:\/\/aroolla.com\/fr\/wp-json\/wp\/v2\/comments?post=4935"}],"version-history":[{"count":16,"href":"https:\/\/aroolla.com\/fr\/wp-json\/wp\/v2\/pages\/4935\/revisions"}],"predecessor-version":[{"id":5279,"href":"https:\/\/aroolla.com\/fr\/wp-json\/wp\/v2\/pages\/4935\/revisions\/5279"}],"wp:attachment":[{"href":"https:\/\/aroolla.com\/fr\/wp-json\/wp\/v2\/media?parent=4935"}],"curies":[{"name":"wp","href":"https:\/\/api.w.org\/{rel}","templated":true}]}}