{"id":4931,"date":"2019-08-27T22:52:49","date_gmt":"2019-08-27T21:52:49","guid":{"rendered":"https:\/\/aroolla.com\/?page_id=4931"},"modified":"2019-09-02T20:47:24","modified_gmt":"2019-09-02T19:47:24","slug":"roasteria","status":"publish","type":"page","link":"https:\/\/aroolla.com\/fr\/our-games\/roasteria\/","title":{"rendered":"L&#8217;univers Roasteria"},"content":{"rendered":"<p>[vc_row][vc_column width=&#8221;2\/3&#8243;][vc_column_text]<\/p>\n<h2>L&#8217;univers Roasteria<\/h2>\n<p>Des champs de caf\u00e9 d\u2019Ethiopie aux tables des restaurants, les joueurs d\u00e9finissent leurs gammes de produits, en assurent la promotion et organisent leurs op\u00e9rations pour r\u00e9aliser la meilleure performance possible. La pression du march\u00e9 pousse chaque \u00e9quipe \u00e0 optimiser ses processus d\u2019approvisionnement et de production, ainsi qu\u2019\u00e0 d\u00e9finir des politiques de prix et de marketing les plus profitables possibles.[\/vc_column_text][\/vc_column][vc_column width=&#8221;1\/3&#8243;][vc_single_image image=&#8221;4918&#8243; img_size=&#8221;full&#8221;][\/vc_column][\/vc_row][vc_row][vc_column][vc_separator color=&#8221;custom&#8221; border_width=&#8221;2&#8243; accent_color=&#8221;#f7941d&#8221;][stm_services posts_per_page=&#8221;12&#8243; posts_per_row=&#8221;4&#8243; category=&#8221;roasteria&#8221;][\/vc_column][\/vc_row]<\/p>\n","protected":false},"excerpt":{"rendered":"<p>[vc_row][vc_column width=&#8221;2\/3&#8243;][vc_column_text] L&#8217;univers Roasteria Des champs de caf\u00e9 d\u2019Ethiopie aux tables des restaurants, les joueurs d\u00e9finissent leurs gammes de produits, en assurent la promotion et organisent leurs op\u00e9rations pour r\u00e9aliser la meilleure performance possible. La pression du march\u00e9 pousse chaque \u00e9quipe \u00e0 optimiser ses processus d\u2019approvisionnement et de production, ainsi qu\u2019\u00e0 d\u00e9finir des politiques de<\/p>\n","protected":false},"author":1,"featured_media":0,"parent":558,"menu_order":0,"comment_status":"closed","ping_status":"closed","template":"","meta":[],"_links":{"self":[{"href":"https:\/\/aroolla.com\/fr\/wp-json\/wp\/v2\/pages\/4931"}],"collection":[{"href":"https:\/\/aroolla.com\/fr\/wp-json\/wp\/v2\/pages"}],"about":[{"href":"https:\/\/aroolla.com\/fr\/wp-json\/wp\/v2\/types\/page"}],"author":[{"embeddable":true,"href":"https:\/\/aroolla.com\/fr\/wp-json\/wp\/v2\/users\/1"}],"replies":[{"embeddable":true,"href":"https:\/\/aroolla.com\/fr\/wp-json\/wp\/v2\/comments?post=4931"}],"version-history":[{"count":6,"href":"https:\/\/aroolla.com\/fr\/wp-json\/wp\/v2\/pages\/4931\/revisions"}],"predecessor-version":[{"id":5116,"href":"https:\/\/aroolla.com\/fr\/wp-json\/wp\/v2\/pages\/4931\/revisions\/5116"}],"up":[{"embeddable":true,"href":"https:\/\/aroolla.com\/fr\/wp-json\/wp\/v2\/pages\/558"}],"wp:attachment":[{"href":"https:\/\/aroolla.com\/fr\/wp-json\/wp\/v2\/media?parent=4931"}],"curies":[{"name":"wp","href":"https:\/\/api.w.org\/{rel}","templated":true}]}}