{"id":4925,"date":"2019-08-27T22:30:24","date_gmt":"2019-08-27T21:30:24","guid":{"rendered":"https:\/\/aroolla.com\/?page_id=4925"},"modified":"2019-12-04T15:34:18","modified_gmt":"2019-12-04T14:34:18","slug":"les-types-de-jeux","status":"publish","type":"page","link":"https:\/\/aroolla.com\/fr\/our-games\/les-types-de-jeux\/","title":{"rendered":"Les types de jeux"},"content":{"rendered":"<p>[vc_row][vc_column][vc_column_text]<\/p>\n<h2>Les types de jeux<\/h2>\n<p class=\"lead\">Chaque univers Aroolla comprend trois d\u00e9clinaisons:\u00a0 <strong>Mano<\/strong>,\u00a0 <strong>Solo \u00a0<\/strong>et\u00a0 <strong>Largo<\/strong>.<\/p>\n<p dir=\"ltr\"><strong>Mano \u00a0<\/strong>d\u00e9signe la version \u201cpapier-carton\u201d du jeu. Sans ordinateur et en \u00e9quipe, les participants d\u00e9couvrent les principaux processus de l&#8217;entreprise en manipulant physiquement produits et documents. Ce jeu a pour objectif de faire comprendre l&#8217;importance d&#8217;un syst\u00e8me d&#8217;information.<\/p>\n<p>Dans la version <strong>Solo, <\/strong>le joueur part des processus du jeu Mano et les configure au sein d&#8217;une application de gestion: Odoo. Gr\u00e2ce \u00e0 des aides contextuelles, il apprend individuellement \u00e0 configurer et ma\u00eetriser Odoo pour accomplir, \u00e0 son propre rythme, les t\u00e2ches n\u00e9cessaires \u00e0 la bonne ex\u00e9cution du processus m\u00e9tier.<\/p>\n<p>Le jeu <strong>Largo <\/strong>s\u2019appuie sur les comp\u00e9tences d\u00e9velopp\u00e9es dans Mano et Solo pour offrir aux participants une exp\u00e9rience palpitante et formatrice. Dans cette version, les participants sont plong\u00e9s dans un march\u00e9 concurrentiel o\u00f9 ils doivent r\u00e9aliser, en temps r\u00e9el et en \u00e9quipe, la meilleure performance possible. Coordination, prise de d\u00e9cision, ma\u00eetrise des processus et du logiciel de gestion sont indispensables pour gagner.[\/vc_column_text][\/vc_column][\/vc_row]<\/p>\n","protected":false},"excerpt":{"rendered":"<p>[vc_row][vc_column][vc_column_text] Les types de jeux Chaque univers Aroolla comprend trois d\u00e9clinaisons:\u00a0 Mano,\u00a0 Solo \u00a0et\u00a0 Largo. Mano \u00a0d\u00e9signe la version \u201cpapier-carton\u201d du jeu. Sans ordinateur et en \u00e9quipe, les participants d\u00e9couvrent les principaux processus de l&#8217;entreprise en manipulant physiquement produits et documents. Ce jeu a pour objectif de faire comprendre l&#8217;importance d&#8217;un syst\u00e8me d&#8217;information. Dans la<\/p>\n","protected":false},"author":1,"featured_media":0,"parent":558,"menu_order":0,"comment_status":"closed","ping_status":"closed","template":"","meta":[],"_links":{"self":[{"href":"https:\/\/aroolla.com\/fr\/wp-json\/wp\/v2\/pages\/4925"}],"collection":[{"href":"https:\/\/aroolla.com\/fr\/wp-json\/wp\/v2\/pages"}],"about":[{"href":"https:\/\/aroolla.com\/fr\/wp-json\/wp\/v2\/types\/page"}],"author":[{"embeddable":true,"href":"https:\/\/aroolla.com\/fr\/wp-json\/wp\/v2\/users\/1"}],"replies":[{"embeddable":true,"href":"https:\/\/aroolla.com\/fr\/wp-json\/wp\/v2\/comments?post=4925"}],"version-history":[{"count":5,"href":"https:\/\/aroolla.com\/fr\/wp-json\/wp\/v2\/pages\/4925\/revisions"}],"predecessor-version":[{"id":7070,"href":"https:\/\/aroolla.com\/fr\/wp-json\/wp\/v2\/pages\/4925\/revisions\/7070"}],"up":[{"embeddable":true,"href":"https:\/\/aroolla.com\/fr\/wp-json\/wp\/v2\/pages\/558"}],"wp:attachment":[{"href":"https:\/\/aroolla.com\/fr\/wp-json\/wp\/v2\/media?parent=4925"}],"curies":[{"name":"wp","href":"https:\/\/api.w.org\/{rel}","templated":true}]}}