{"id":4735,"date":"2015-12-15T07:37:33","date_gmt":"2015-12-15T07:37:33","guid":{"rendered":"http:\/\/consulting.stylemixthemes.com\/?page_id=9"},"modified":"2020-09-07T14:45:58","modified_gmt":"2020-09-07T13:45:58","slug":"about","status":"publish","type":"page","link":"https:\/\/aroolla.com\/fr\/about\/","title":{"rendered":"Pr\u00e9sentation"},"content":{"rendered":"<p>[vc_row css=&#8221;.vc_custom_1451991003825{margin-bottom: 100px !important;}&#8221;][vc_column offset=&#8221;vc_col-lg-9 vc_col-md-9&#8243;]\n\t\t\t<!-- START About Us Slider REVOLUTION SLIDER 6.5.14 --><p class=\"rs-p-wp-fix\"><\/p>\n\t\t\t<rs-module-wrap id=\"rev_slider_2_1_wrapper\" data-source=\"gallery\" style=\"visibility:hidden;background:transparent;padding:0;margin:0px auto;margin-top:0;margin-bottom:0;\">\n\t\t\t\t<rs-module id=\"rev_slider_2_1\" style=\"\" data-version=\"6.5.14\">\n\t\t\t\t\t<rs-slides>\n\t\t\t\t\t\t<rs-slide style=\"position: absolute;\" data-key=\"rs-3\" data-title=\"Slide\" data-thumb=\"\/\/aroolla.com\/wp-content\/uploads\/2019\/08\/roasteria-mano-slide.png\" data-anim=\"r:0;\" data-in=\"x:(100%);\" class=\"third_bg_color\">\n\t\t\t\t\t\t\t<img src=\"\/\/aroolla.com\/wp-content\/plugins\/revslider\/public\/assets\/assets\/dummy.png\" alt=\"Slide\" title=\"roasteria-mano-slide\" width=\"825\" height=\"407\" class=\"rev-slidebg tp-rs-img rs-lazyload\" data-lazyload=\"\/\/aroolla.com\/wp-content\/plugins\/revslider\/public\/assets\/assets\/transparent.png\" data-no-retina>\n<!--\n\t\t\t\t\t\t\t--><rs-layer\n\t\t\t\t\t\t\t\tid=\"slider-2-slide-3-layer-2\" \n\t\t\t\t\t\t\t\tdata-type=\"text\"\n\t\t\t\t\t\t\t\tdata-color=\"rgba(255,255,255,1)\"\n\t\t\t\t\t\t\t\tdata-rsp_ch=\"on\"\n\t\t\t\t\t\t\t\tdata-xy=\"x:67px;y:80px;\"\n\t\t\t\t\t\t\t\tdata-text=\"l:22;\"\n\t\t\t\t\t\t\t\tdata-frame_0=\"tp:600;\"\n\t\t\t\t\t\t\t\tdata-frame_1=\"tp:600;e:power2.inOut;st:500;sR:500;\"\n\t\t\t\t\t\t\t\tdata-frame_999=\"o:0;tp:600;e:nothing;st:w;sR:8200;\"\n\t\t\t\t\t\t\t\tstyle=\"z-index:5;font-family:'Roboto';\"\n\t\t\t\t\t\t\t><div class=\"consulting-rev-title-3\">\nRoasteria<br\/>\nMano Game\n<\/div> \n\t\t\t\t\t\t\t<\/rs-layer><!--\n\n\t\t\t\t\t\t\t--><rs-layer\n\t\t\t\t\t\t\t\tid=\"slider-2-slide-3-layer-3\" \n\t\t\t\t\t\t\t\tdata-type=\"text\"\n\t\t\t\t\t\t\t\tdata-color=\"rgba(255,255,255,1)\"\n\t\t\t\t\t\t\t\tdata-rsp_ch=\"on\"\n\t\t\t\t\t\t\t\tdata-xy=\"x:67px;y:194px;\"\n\t\t\t\t\t\t\t\tdata-text=\"l:22;\"\n\t\t\t\t\t\t\t\tdata-frame_0=\"tp:600;\"\n\t\t\t\t\t\t\t\tdata-frame_1=\"tp:600;e:power2.inOut;st:500;sR:500;\"\n\t\t\t\t\t\t\t\tdata-frame_999=\"o:0;tp:600;e:nothing;st:w;sR:8200;\"\n\t\t\t\t\t\t\t\tstyle=\"z-index:6;font-family:'Roboto';\"\n\t\t\t\t\t\t\t><div class=\"consulting-rev-text-2\">\nLearn to execute simple processes and design<br\/> your paper information system to track your activities.\n<\/div> \n\t\t\t\t\t\t\t<\/rs-layer><!--\n\n\t\t\t\t\t\t\t--><rs-layer\n\t\t\t\t\t\t\t\tid=\"slider-2-slide-3-layer-4\" \n\t\t\t\t\t\t\t\tdata-type=\"text\"\n\t\t\t\t\t\t\t\tdata-color=\"rgba(255,255,255,1)\"\n\t\t\t\t\t\t\t\tdata-rsp_ch=\"on\"\n\t\t\t\t\t\t\t\tdata-xy=\"x:67px;y:272px;\"\n\t\t\t\t\t\t\t\tdata-text=\"l:22;\"\n\t\t\t\t\t\t\t\tdata-frame_0=\"tp:600;\"\n\t\t\t\t\t\t\t\tdata-frame_1=\"tp:600;e:power2.inOut;st:500;sR:500;\"\n\t\t\t\t\t\t\t\tdata-frame_999=\"o:0;tp:600;e:nothing;st:w;sR:8200;\"\n\t\t\t\t\t\t\t\tstyle=\"z-index:7;font-family:'Roboto';\"\n\t\t\t\t\t\t\t><a href=\"\/games\" class=\"button icon_right bordered theme_style_2\">Discover our games <i class=\"fa fa-chevron-right\"><\/i><\/a> \n\t\t\t\t\t\t\t<\/rs-layer><!--\n\n\t\t\t\t\t\t\t--><rs-layer\n\t\t\t\t\t\t\t\tid=\"slider-2-slide-3-layer-5\" \n\t\t\t\t\t\t\t\tdata-type=\"image\"\n\t\t\t\t\t\t\t\tdata-bsh=\"h:1px;v:1px;b:5px;\"\n\t\t\t\t\t\t\t\tdata-rsp_ch=\"on\"\n\t\t\t\t\t\t\t\tdata-xy=\"x:r;xo:20px;y:-7px;\"\n\t\t\t\t\t\t\t\tdata-text=\"l:22;\"\n\t\t\t\t\t\t\t\tdata-dim=\"w:250px;h:323px;\"\n\t\t\t\t\t\t\t\tdata-frame_0=\"tp:600;\"\n\t\t\t\t\t\t\t\tdata-frame_1=\"tp:600;e:power2.inOut;st:500;sR:500;\"\n\t\t\t\t\t\t\t\tdata-frame_999=\"o:0;tp:600;e:nothing;st:w;sR:8200;\"\n\t\t\t\t\t\t\t\tstyle=\"z-index:8;\"\n\t\t\t\t\t\t\t><img src=\"\/\/aroolla.com\/wp-content\/plugins\/revslider\/public\/assets\/assets\/dummy.png\" alt=\"\" class=\"tp-rs-img rs-lazyload\" width=\"2835\" height=\"3662\" data-lazyload=\"\/\/aroolla.com\/wp-content\/uploads\/2019\/08\/sachet-1000ml-6-HQ_Page_1.png\" data-no-retina> \n\t\t\t\t\t\t\t<\/rs-layer><!--\n-->\t\t\t\t\t\t<\/rs-slide>\n\t\t\t\t\t\t<rs-slide style=\"position: absolute;\" data-key=\"rs-4\" data-title=\"Slide\" data-anim=\"r:0;\" data-in=\"x:(100%);\">\n\t\t\t\t\t\t\t<img src=\"\/\/aroolla.com\/wp-content\/plugins\/revslider\/public\/assets\/assets\/dummy.png\" alt=\"Slide\" title=\"Pr\u00e9sentation\" class=\"rev-slidebg tp-rs-img rs-lazyload\" data-lazyload=\"\/\/aroolla.com\/wp-content\/plugins\/revslider\/public\/assets\/assets\/transparent.png\" data-bg=\"c:#5185b4;\" data-no-retina>\n<!--\n\t\t\t\t\t\t\t--><rs-layer\n\t\t\t\t\t\t\t\tid=\"slider-2-slide-4-layer-2\" \n\t\t\t\t\t\t\t\tdata-type=\"text\"\n\t\t\t\t\t\t\t\tdata-color=\"rgba(34, 34, 34, 1)\"\n\t\t\t\t\t\t\t\tdata-rsp_ch=\"on\"\n\t\t\t\t\t\t\t\tdata-xy=\"x:67px;y:80px;\"\n\t\t\t\t\t\t\t\tdata-text=\"l:22;\"\n\t\t\t\t\t\t\t\tdata-frame_0=\"tp:600;\"\n\t\t\t\t\t\t\t\tdata-frame_1=\"tp:600;e:power2.inOut;st:500;sR:500;\"\n\t\t\t\t\t\t\t\tdata-frame_999=\"o:0;tp:600;e:nothing;st:w;sR:8200;\"\n\t\t\t\t\t\t\t\tstyle=\"z-index:6;font-family:'Roboto';\"\n\t\t\t\t\t\t\t><div class=\"consulting-rev-title-3\">\nEnhance your<br\/>\nOdoo trainings!\n<\/div> \n\t\t\t\t\t\t\t<\/rs-layer><!--\n\n\t\t\t\t\t\t\t--><rs-layer\n\t\t\t\t\t\t\t\tid=\"slider-2-slide-4-layer-3\" \n\t\t\t\t\t\t\t\tdata-type=\"text\"\n\t\t\t\t\t\t\t\tdata-color=\"rgba(34, 34, 34, 1)\"\n\t\t\t\t\t\t\t\tdata-rsp_ch=\"on\"\n\t\t\t\t\t\t\t\tdata-xy=\"x:67px;y:194px;\"\n\t\t\t\t\t\t\t\tdata-text=\"l:22;\"\n\t\t\t\t\t\t\t\tdata-frame_0=\"tp:600;\"\n\t\t\t\t\t\t\t\tdata-frame_1=\"tp:600;e:power2.inOut;st:500;sR:500;\"\n\t\t\t\t\t\t\t\tdata-frame_999=\"o:0;tp:600;e:nothing;st:w;sR:8200;\"\n\t\t\t\t\t\t\t\tstyle=\"z-index:7;font-family:'Roboto';\"\n\t\t\t\t\t\t\t><div class=\"consulting-rev-text-2\">\nOur selection of serious games will<br\/> bring your trainings to a new level.\n<\/div> \n\t\t\t\t\t\t\t<\/rs-layer><!--\n\n\t\t\t\t\t\t\t--><rs-layer\n\t\t\t\t\t\t\t\tid=\"slider-2-slide-4-layer-4\" \n\t\t\t\t\t\t\t\tdata-type=\"text\"\n\t\t\t\t\t\t\t\tdata-color=\"rgba(255, 255, 255, 1)\"\n\t\t\t\t\t\t\t\tdata-rsp_ch=\"on\"\n\t\t\t\t\t\t\t\tdata-xy=\"x:67px;y:272px;\"\n\t\t\t\t\t\t\t\tdata-text=\"l:22;\"\n\t\t\t\t\t\t\t\tdata-frame_0=\"tp:600;\"\n\t\t\t\t\t\t\t\tdata-frame_1=\"tp:600;e:power2.inOut;st:500;sR:500;\"\n\t\t\t\t\t\t\t\tdata-frame_999=\"o:0;tp:600;e:nothing;st:8900;sR:8100;\"\n\t\t\t\t\t\t\t\tstyle=\"z-index:8;font-family:'Roboto';\"\n\t\t\t\t\t\t\t><a href=\"\/games\" class=\"button icon_right bordered theme_style_2\">learn more <i class=\"fa fa-chevron-right\"><\/i><\/a> \n\t\t\t\t\t\t\t<\/rs-layer><!--\n\n\t\t\t\t\t\t\t--><rs-layer\n\t\t\t\t\t\t\t\tid=\"slider-2-slide-4-layer-6\" \n\t\t\t\t\t\t\t\tdata-type=\"image\"\n\t\t\t\t\t\t\t\tdata-rsp_ch=\"on\"\n\t\t\t\t\t\t\t\tdata-xy=\"x:r;xo:22px;y:98px;\"\n\t\t\t\t\t\t\t\tdata-text=\"l:22;\"\n\t\t\t\t\t\t\t\tdata-dim=\"w:332px;h:287px;\"\n\t\t\t\t\t\t\t\tdata-frame_0=\"tp:600;\"\n\t\t\t\t\t\t\t\tdata-frame_1=\"tp:600;e:power2.inOut;st:500;sR:500;\"\n\t\t\t\t\t\t\t\tdata-frame_999=\"o:0;tp:600;e:nothing;st:w;sR:8200;\"\n\t\t\t\t\t\t\t\tstyle=\"z-index:5;\"\n\t\t\t\t\t\t\t><img src=\"\/\/aroolla.com\/wp-content\/plugins\/revslider\/public\/assets\/assets\/dummy.png\" alt=\"\" class=\"tp-rs-img rs-lazyload\" width=\"400\" height=\"346\" data-lazyload=\"\/\/aroolla.com\/wp-content\/uploads\/2019\/08\/roasteria-team.png\" data-no-retina> \n\t\t\t\t\t\t\t<\/rs-layer><!--\n-->\t\t\t\t\t\t<\/rs-slide>\n\t\t\t\t\t<\/rs-slides>\n\t\t\t\t<\/rs-module>\n\t\t\t\t<script>\n\t\t\t\t\tsetREVStartSize({c: 'rev_slider_2_1',rl:[1240,1024,778,480],el:[407],gw:[825],gh:[407],type:'carousel',justify:'',layout:'fullwidth',mh:\"0\"});if (window.RS_MODULES!==undefined && window.RS_MODULES.modules!==undefined && window.RS_MODULES.modules[\"revslider21\"]!==undefined) {window.RS_MODULES.modules[\"revslider21\"].once = false;window.revapi2 = undefined;if (window.RS_MODULES.checkMinimal!==undefined) window.RS_MODULES.checkMinimal()}\n\t\t\t\t<\/script>\n\t\t\t<\/rs-module-wrap>\n\t\t\t<!-- END REVOLUTION SLIDER -->\n[vc_column_text css=&#8221;.vc_custom_1568110046386{margin-top: 40px !important;}&#8221;]<\/p>\n<h2>Pr\u00e9sentation<\/h2>\n<p><strong>Aroolla offre de nouvelles mani\u00e8res d\u2019enseigner et d\u2019exp\u00e9rimenter la gestion d\u2019entreprise gr\u00e2ce \u00e0 une ligne de jeux s\u00e9rieux bas\u00e9s sur le logiciel Odoo.<\/strong><\/p>\n<p><span style=\"font-weight: 400;\">Gr\u00e2ce \u00e0 la collaboration de la Haute \u00e9cole de gestion Arc (HES-SO), de HEC Lausanne et de la soci\u00e9t\u00e9 Camptocamp, Aroolla b\u00e9n\u00e9ficie de 2 p\u00f4les de comp\u00e9tences compl\u00e9mentaires: la longue exp\u00e9rience p\u00e9dagogique de professeurs en management des syst\u00e8mes d\u2019information, et les nombreux d\u00e9veloppements et int\u00e9grations d\u2019Odoo men\u00e9s en Suisse et \u00e0 l\u2019\u00e9tranger par le premier partenaire gold d\u2019Odoo.<\/span><\/p>\n<p><span style=\"font-weight: 400;\">Les produits Aroolla sont destin\u00e9s aux \u00e9tablissements d\u2019enseignement sup\u00e9rieur ainsi qu\u2019aux utilisateurs et int\u00e9grateurs d\u2019Odoo. Ces derniers peuvent d\u00e9montrer les possibilit\u00e9s d\u2019Odoo \u00e0 leurs clients gr\u00e2ce au caract\u00e8re r\u00e9aliste et ludique des jeux Aroolla. Ceux-ci couvrent une large palette d\u2019objectifs p\u00e9dagogiques et permettent de construire des sc\u00e9narios d\u2019apprentissage allant de la d\u00e9couverte des processus m\u00e9tier \u00e0 la mise en oeuvre d\u2019une strat\u00e9gie business en passant par la gestion des donn\u00e9es ma\u00eetres et l\u2019ex\u00e9cution de processus d&#8217;affaires.<\/span><\/p>\n<p><span style=\"font-weight: 400;\">Bas\u00e9s sur un noyau open source, les jeux Aroolla peuvent facilement \u00eatre adapt\u00e9s \u00e0 vos besoins. Que ce soit pour modifier un jeu existant ou cr\u00e9er un sc\u00e9nario sp\u00e9cifique, les \u00e9quipes d\u2019Aroolla s\u2019appuient sur une longue exp\u00e9rience dans la conception de jeux s\u00e9rieux.<\/span>[\/vc_column_text][vc_column_text css=&#8221;.vc_custom_1567192739950{margin-bottom: 34px !important;}&#8221;]<\/p>\n<blockquote><p><span style=\"font-weight: 400;\">Vous souhaitez utiliser les jeux Aroolla mais ne savez pas comment les mettre en oeuvre? Les \u00e9quipes d\u2019Aroolla sont \u00e0 votre disposition pour vous accompagner dans la pr\u00e9paration de votre cours ou pour intervenir dans votre \u00e9tablissement.<\/span><\/p>\n<p><span style=\"font-weight: 400;\">Vous souhaitez d\u00e9couvrir Aroolla? Participez \u00e0 un webinar gratuit ou suivez une formation Aroolla! Vous trouverez les dates des prochains \u00e9v\u00e9nements dans notre calendrier.<\/span><\/p><\/blockquote>\n<p>[\/vc_column_text][vc_row_inner][vc_column_inner width=&#8221;1\/3&#8243;][vc_single_image image=&#8221;4892&#8243; img_size=&#8221;full&#8221;][\/vc_column_inner][vc_column_inner width=&#8221;1\/3&#8243;][vc_single_image image=&#8221;4894&#8243; img_size=&#8221;full&#8221;][\/vc_column_inner][vc_column_inner width=&#8221;1\/3&#8243;][\/vc_column_inner][\/vc_row_inner][vc_column_text css=&#8221;.vc_custom_1568189555578{margin-top: 45px !important;}&#8221;]<\/p>\n<h2>Notre concept<\/h2>\n<p><span style=\"font-weight: 400;\">Aroolla offre de nouvelles mani\u00e8res d\u2019enseigner et d\u2019exp\u00e9rimenter la gestion d\u2019entreprise gr\u00e2ce \u00e0 une ligne de jeux s\u00e9rieux <\/span><span style=\"font-weight: 400;\">permettant de simuler des environnements d\u2019affaires complexes.<\/span><\/p>\n<p><span style=\"font-weight: 400;\">En immergeant les participants dans des situations stimulantes et proches de la r\u00e9alit\u00e9, les jeux de simulation cr\u00e9ent un environnement dynamique o\u00f9 les joueurs mobilisent et d\u00e9veloppent leurs comp\u00e9tences pour sortir vainqueurs du jeu. Ainsi, ils peuvent essayer diff\u00e9rentes options sans craindre de risques r\u00e9els et apprendre de leurs erreurs gr\u00e2ce aux r\u00e9troactions du jeu. L\u2019utilisation de diff\u00e9rents modes d\u2019interaction et de jeux de difficult\u00e9 croissante permet de viser des apprentissages de plus en plus complexes.<\/span><\/p>\n<p><span style=\"font-weight: 400;\">Les processus d\u2019affaires et les logiciels de gestion \u00e9voluent toujours plus rapidement et poussent ainsi les personnes \u00e0 adapter r\u00e9guli\u00e8rement leur fa\u00e7on de travailler. En r\u00e9ponse \u00e0 ce d\u00e9fi, les jeux Aroolla ont \u00e9t\u00e9 con\u00e7us pour accompagner la formation aux processus digitalis\u00e9s de l\u2019entreprise et aux \u00e9volutions des outils de gestion.\u00a0<\/span><\/p>\n<blockquote><p><span style=\"font-weight: 400;\">Les jeux Aroolla sont con\u00e7us pour \u00eatre int\u00e9gr\u00e9s dans des programmes p\u00e9dagogiques aussi bien lors de formations acad\u00e9miques qu&#8217;en entreprise. Pour \u00e9viter d\u2019avoir des participants divertis mais qui n\u2019ont pas acquis de nouvelles comp\u00e9tences ou connaissances, les jeux Aroolla sont accompagn\u00e9s de mat\u00e9riel p\u00e9dagogique \u00e0 l\u2019attention des apprenants et de notes p\u00e9dagogiques pour le formateur.<\/span><\/p><\/blockquote>\n<p>[\/vc_column_text][vc_row_inner][vc_column_inner width=&#8221;1\/2&#8243;][stm_icon_box hide_title_line=&#8221;hide_title_line&#8221; enable_hexagon=&#8221;enable&#8221; enable_hexagon_animation=&#8221;enable&#8221; icon=&#8221;stm-airplane&#8221; style=&#8221;icon_left&#8221; icon_size=&#8221;15&#8243; icon_width=&#8221;78&#8243; title=&#8221;Immersion<br \/>\ndes participant\u00b7e\u00b7s&#8221;]Les jeux s\u00e9rieux permettent d&#8217;immerger les participant\u00b7e\u00b7s dans des environnements complexes.[\/stm_icon_box][stm_icon_box hide_title_line=&#8221;hide_title_line&#8221; enable_hexagon=&#8221;enable&#8221; enable_hexagon_animation=&#8221;enable&#8221; icon=&#8221;stm-graph&#8221; style=&#8221;icon_left&#8221; icon_size=&#8221;22&#8243; icon_width=&#8221;78&#8243; title=&#8221;Boucle de<br \/>\nr\u00e9troaction&#8221;]Chaque action va influencer le d\u00e9roulement du processus et donner une information sur la performance.[\/stm_icon_box][\/vc_column_inner][vc_column_inner width=&#8221;1\/2&#8243;][stm_icon_box hide_title_line=&#8221;hide_title_line&#8221; enable_hexagon=&#8221;enable&#8221; enable_hexagon_animation=&#8221;enable&#8221; icon=&#8221;stm-cart&#8221; style=&#8221;icon_left&#8221; icon_size=&#8221;21&#8243; icon_width=&#8221;78&#8243; title=&#8221;Comp\u00e9tition<br \/>\net comp\u00e9titivit\u00e9&#8221;]Les jeux largo mettent les diff\u00e9rentes \u00e9quipes en comp\u00e9tition sur un march\u00e9 unique.[\/stm_icon_box][stm_icon_box hide_title_line=&#8221;hide_title_line&#8221; enable_hexagon=&#8221;enable&#8221; enable_hexagon_animation=&#8221;enable&#8221; icon=&#8221;stm-home&#8221; style=&#8221;icon_left&#8221; icon_size=&#8221;23&#8243; icon_width=&#8221;78&#8243; title=&#8221;Formation<br \/>\ncontinue&#8221;]Les jeux serieux permettent de former les utilisateurs dans des conditions proches de la r\u00e9alit\u00e9.[\/stm_icon_box][\/vc_column_inner][\/vc_row_inner][\/vc_column][vc_column width=&#8221;1\/4&#8243; offset=&#8221;vc_hidden-sm vc_hidden-xs&#8221;][stm_sidebar sidebar=&#8221;311&#8243;][\/vc_column][\/vc_row][vc_row][vc_column][vc_column_text]<\/p>\n<p>[\/vc_column_text][\/vc_column][\/vc_row][vc_row full_width=&#8221;stretch_row&#8221; css=&#8221;.vc_custom_1459505959648{margin-bottom: -60px !important;}&#8221; el_class=&#8221;third_bg_color&#8221;][vc_column][vc_cta h2=&#8221;Vous cherchez un moyen de r\u00e9inventer votre formation?&#8221; h2_font_container=&#8221;font_size:20px|color:%23ffffff|line_height:24px&#8221; h2_use_theme_fonts=&#8221;yes&#8221; shape=&#8221;square&#8221; style=&#8221;flat&#8221; add_button=&#8221;right&#8221; btn_title=&#8221;demandez une offre&#8221; btn_style=&#8221;flat&#8221; btn_color=&#8221;theme_style_2&#8243; btn_size=&#8221;lg&#8221; btn_align=&#8221;right&#8221; btn_i_align=&#8221;right&#8221; btn_i_icon_fontawesome=&#8221;fa fa-chevron-right&#8221; use_custom_fonts_h2=&#8221;true&#8221; btn_add_icon=&#8221;true&#8221; btn_link=&#8221;url:https%3A%2F%2Faroolla.com%2Fcontact%2F|title:Contact||&#8221; el_class=&#8221;third_bg_color&#8221; css=&#8221;.vc_custom_1567770866796{margin-bottom: 0px !important;}&#8221;][\/vc_cta][\/vc_column][\/vc_row]<\/p>\n","protected":false},"excerpt":{"rendered":"<p>[vc_row css=&#8221;.vc_custom_1451991003825{margin-bottom: 100px !important;}&#8221;][vc_column offset=&#8221;vc_col-lg-9 vc_col-md-9&#8243;][vc_column_text css=&#8221;.vc_custom_1568110046386{margin-top: 40px !important;}&#8221;] Pr\u00e9sentation Aroolla offre de nouvelles mani\u00e8res d\u2019enseigner et d\u2019exp\u00e9rimenter la gestion d\u2019entreprise gr\u00e2ce \u00e0 une ligne de jeux s\u00e9rieux bas\u00e9s sur le logiciel Odoo. Gr\u00e2ce \u00e0 la collaboration de la Haute \u00e9cole de gestion Arc (HES-SO), de HEC Lausanne et de la soci\u00e9t\u00e9 Camptocamp, Aroolla b\u00e9n\u00e9ficie<\/p>\n","protected":false},"author":1,"featured_media":0,"parent":0,"menu_order":0,"comment_status":"closed","ping_status":"closed","template":"","meta":[],"_links":{"self":[{"href":"https:\/\/aroolla.com\/fr\/wp-json\/wp\/v2\/pages\/4735"}],"collection":[{"href":"https:\/\/aroolla.com\/fr\/wp-json\/wp\/v2\/pages"}],"about":[{"href":"https:\/\/aroolla.com\/fr\/wp-json\/wp\/v2\/types\/page"}],"author":[{"embeddable":true,"href":"https:\/\/aroolla.com\/fr\/wp-json\/wp\/v2\/users\/1"}],"replies":[{"embeddable":true,"href":"https:\/\/aroolla.com\/fr\/wp-json\/wp\/v2\/comments?post=4735"}],"version-history":[{"count":12,"href":"https:\/\/aroolla.com\/fr\/wp-json\/wp\/v2\/pages\/4735\/revisions"}],"predecessor-version":[{"id":5390,"href":"https:\/\/aroolla.com\/fr\/wp-json\/wp\/v2\/pages\/4735\/revisions\/5390"}],"wp:attachment":[{"href":"https:\/\/aroolla.com\/fr\/wp-json\/wp\/v2\/media?parent=4735"}],"curies":[{"name":"wp","href":"https:\/\/api.w.org\/{rel}","templated":true}]}}