{"id":1483,"date":"2017-02-09T14:13:33","date_gmt":"2017-02-09T14:13:33","guid":{"rendered":"http:\/\/consult.loc\/?page_id=1483"},"modified":"2019-12-04T16:33:52","modified_gmt":"2019-12-04T15:33:52","slug":"contact","status":"publish","type":"page","link":"https:\/\/aroolla.com\/fr\/contact\/","title":{"rendered":"Contact"},"content":{"rendered":"<p>[vc_row full_height=&#8221;yes&#8221; columns_placement=&#8221;top&#8221; equal_height=&#8221;yes&#8221;][vc_column offset=&#8221;vc_col-lg-8&#8243; css=&#8221;.vc_custom_1485439524000{padding-top: 58px !important;}&#8221;][vc_custom_heading source=&#8221;post_title&#8221; use_theme_fonts=&#8221;yes&#8221; css=&#8221;.vc_custom_1567710727210{margin-bottom: 51px !important;}&#8221;][vc_column_text css=&#8221;.vc_custom_1567710678400{margin-bottom: 30px !important;}&#8221;]<span style=\"color: #444444; font-size: 16px; letter-spacing: -0.4px;\">N&#8217;h\u00e9sitez pas \u00e0 prendre contact avec nos \u00e9quipes si vous \u00eates int\u00e9ress\u00e9s ou avez des questions!<\/span>[\/vc_column_text][vc_custom_heading stripe_pos=&#8221;hide&#8221; text=&#8221;service commercial et support&#8221; font_container=&#8221;tag:h3|font_size:20px|text_align:left|color:%23222222|line_height:45px&#8221; use_theme_fonts=&#8221;yes&#8221; el_class=&#8221;border_base_color&#8221; css=&#8221;.vc_custom_1575473552150{margin-top: -5px !important;margin-bottom: -22px !important;border-top-width: 3px !important;padding-top: 0px !important;padding-bottom: 10px !important;border-top-style: solid !important;}&#8221;][vc_row_inner][vc_column_inner width=&#8221;1\/2&#8243; css=&#8221;.vc_custom_1485495966997{margin-bottom: 5px !important;}&#8221;][stm_contacts_widget style=&#8221;style_4&#8243; address=&#8221;Camptocamp SA<br \/>\nEPFL Innovation Park<br \/>\nBuilding A<br \/>\n1015 Lausanne&#8221;][\/vc_column_inner][vc_column_inner width=&#8221;1\/2&#8243; css=&#8221;.vc_custom_1485495976629{margin-bottom: 5px !important;}&#8221;][stm_contacts_widget style=&#8221;style_4&#8243; schedule=&#8221;Lundi-Vendredi: 8h00-18h00&#8243; email=&#8221;hello@aroolla.com&#8221; phone=&#8221;+ 41 21 619 10 10&#8243;][\/vc_column_inner][\/vc_row_inner][vc_custom_heading stripe_pos=&#8221;hide&#8221; text=&#8221;sc\u00e9narios p\u00e9dagogiques&#8221; font_container=&#8221;tag:h3|font_size:20px|text_align:left|color:%23222222|line_height:45px&#8221; use_theme_fonts=&#8221;yes&#8221; el_class=&#8221;border_base_color&#8221; css=&#8221;.vc_custom_1567711483655{margin-top: -7px !important;margin-bottom: -22px !important;border-top-width: 3px !important;padding-top: 0px !important;padding-bottom: 16px !important;border-top-style: solid !important;}&#8221;][vc_column_text css=&#8221;.vc_custom_1567711468604{margin-bottom: 15px !important;}&#8221;]<span style=\"line-height: 22px;\">Si vous d\u00e9sirez discuter de votre sc\u00e9nario p\u00e9dagogique, veuillez contacter:<\/span>[\/vc_column_text][vc_row_inner css=&#8221;.vc_custom_1485437972924{margin-bottom: 30px !important;}&#8221;][vc_column_inner width=&#8221;1\/2&#8243; css=&#8221;.vc_custom_1485495781846{margin-bottom: 20px !important;}&#8221;][stm_contact style=&#8221;style_2&#8243; name=&#8221;C\u00e9dric Gaspoz&#8221; image=&#8221;452&#8243; job=&#8221;Professeur HES&#8221; phone=&#8221;+41 32 930 2088&#8243; email=&#8221;cedric.gaspoz@he-arc.ch&#8221;][\/vc_column_inner][\/vc_row_inner][\/vc_column][vc_column css=&#8221;.vc_custom_1544778990917{padding-top: 20px !important;padding-bottom: 40px !important;background-color: #f2f2f2 !important;}&#8221; offset=&#8221;vc_col-lg-4&#8243; el_class=&#8221;form_full-right_width&#8221;][vc_custom_heading text=&#8221;message&#8221; font_container=&#8221;tag:h4|text_align:left&#8221; use_theme_fonts=&#8221;yes&#8221;]\n<div class=\"wpcf7 no-js\" id=\"wpcf7-f1477-o1\" lang=\"en-US\" dir=\"ltr\">\n<div class=\"screen-reader-response\"><p role=\"status\" aria-live=\"polite\" aria-atomic=\"true\"><\/p> <ul><\/ul><\/div>\n<form action=\"\/fr\/wp-json\/wp\/v2\/pages\/1483#wpcf7-f1477-o1\" method=\"post\" class=\"wpcf7-form init\" aria-label=\"Contact form\" novalidate=\"novalidate\" data-status=\"init\">\n<div style=\"display: none;\">\n<input type=\"hidden\" name=\"_wpcf7\" value=\"1477\" \/>\n<input type=\"hidden\" name=\"_wpcf7_version\" value=\"5.7.7\" \/>\n<input type=\"hidden\" name=\"_wpcf7_locale\" value=\"en_US\" \/>\n<input type=\"hidden\" name=\"_wpcf7_unit_tag\" value=\"wpcf7-f1477-o1\" \/>\n<input type=\"hidden\" name=\"_wpcf7_container_post\" value=\"0\" \/>\n<input type=\"hidden\" name=\"_wpcf7_posted_data_hash\" value=\"\" \/>\n<\/div>\n<div class=\"request_callback\">\n\t<div class=\"input-group\">\n\t\t<p><span class=\"wpcf7-form-control-wrap\" data-name=\"message\"><textarea cols=\"40\" rows=\"10\" class=\"wpcf7-form-control wpcf7-textarea wpcf7-validates-as-required height147\" aria-required=\"true\" aria-invalid=\"false\" placeholder=\"Votre message *\" name=\"message\"><\/textarea><\/span>\n\t\t<\/p>\n\t<\/div>\n\t<div class=\"input-group\">\n\t\t<p><span class=\"wpcf7-form-control-wrap\" data-name=\"text-name\"><input size=\"40\" class=\"wpcf7-form-control wpcf7-text wpcf7-validates-as-required\" aria-required=\"true\" aria-invalid=\"false\" placeholder=\"Nom *\" value=\"\" type=\"text\" name=\"text-name\" \/><\/span>\n\t\t<\/p>\n\t<\/div>\n\t<div class=\"input-group\">\n\t\t<p><span class=\"wpcf7-form-control-wrap\" data-name=\"email\"><input size=\"40\" class=\"wpcf7-form-control wpcf7-text wpcf7-email wpcf7-validates-as-required wpcf7-validates-as-email\" aria-required=\"true\" aria-invalid=\"false\" placeholder=\"E-mail *\" value=\"\" type=\"email\" name=\"email\" \/><\/span>\n\t\t<\/p>\n\t<\/div>\n\t<div class=\"input-group\">\n\t\t<p>Domaine d'utilisation:<br \/>\n<span class=\"wpcf7-form-control-wrap\" data-name=\"menu-945\"><select class=\"wpcf7-form-control wpcf7-select\" aria-invalid=\"false\" name=\"menu-945\"><option value=\"\">&#8212;Please choose an option&#8212;<\/option><option value=\"acad\u00e9mique\">acad\u00e9mique<\/option><option value=\"int\u00e9grateur\">int\u00e9grateur<\/option><option value=\"autre\">autre<\/option><\/select><\/span>\n\t\t<\/p>\n\t<\/div>\n\t<div class=\"input-group\">\n\t\t<p><button type=\"submit\" class=\"button size-lg icon_right\">submit <i class=\"fa fa-chevron-right\"><\/i><\/button>\n\t\t<\/p>\n\t<\/div>\n<\/div><p style=\"display: none !important;\" class=\"akismet-fields-container\" data-prefix=\"_wpcf7_ak_\"><label>&#916;<textarea name=\"_wpcf7_ak_hp_textarea\" cols=\"45\" rows=\"8\" maxlength=\"100\"><\/textarea><\/label><input type=\"hidden\" id=\"ak_js_1\" name=\"_wpcf7_ak_js\" value=\"3\"\/><script>document.getElementById( \"ak_js_1\" ).setAttribute( \"value\", ( new Date() ).getTime() );<\/script><\/p><div class=\"wpcf7-response-output\" aria-hidden=\"true\"><\/div>\n<\/form>\n<\/div>\n[\/vc_column][\/vc_row][vc_row full_width=&#8221;stretch_row_content_no_spaces&#8221; css=&#8221;.vc_custom_1485437951034{margin-bottom: -60px !important;}&#8221;][vc_column][vc_gmaps link=&#8221;#E-8_JTNDaWZyYW1lJTIwc3JjJTNEJTIyaHR0cHMlM0ElMkYlMkZ3d3cuZ29vZ2xlLmNvbSUyRm1hcHMlMkZlbWJlZCUzRnBiJTNEJTIxMW0xOCUyMTFtMTIlMjExbTMlMjExZDM4ODIuNzUwMjgzMjY3ODI4MyUyMTJkNi41NjA3NTYyMDUzOTk3OTklMjEzZDQ2LjUxNzYyOTc4ODUyNzE1JTIxMm0zJTIxMWYwJTIxMmYwJTIxM2YwJTIxM20yJTIxMWkxMDI0JTIxMmk3NjglMjE0ZjEzLjElMjEzbTMlMjExbTIlMjExczB4NDc4YzMwZmNlZWE3Zjc4ZCUyNTNBMHhiMWJjNDQ5NWI2YzRlODhlJTIxMnNDYW1wdG9jYW1wJTI1MjBTQSUyMTVlMCUyMTNtMiUyMTFzZW4lMjEyc2NoJTIxNHYxNTY3NzExOTA4MjMyJTIxNW0yJTIxMXNlbiUyMTJzY2glMjIlMjB3aWR0aCUzRCUyMjEwMCUyNSUyMiUyMGhlaWdodCUzRCUyMjM4MiUyMiUyMGZyYW1lYm9yZGVyJTNEJTIyMCUyMiUyMHN0eWxlJTNEJTIyYm9yZGVyJTNBMCUyMiUyMGFsbG93ZnVsbHNjcmVlbiUzRSUzQyUyRmlmcmFtZSUzRQ==&#8221;][\/vc_column][\/vc_row]<\/p>\n","protected":false},"excerpt":{"rendered":"<p>[vc_row full_height=&#8221;yes&#8221; columns_placement=&#8221;top&#8221; equal_height=&#8221;yes&#8221;][vc_column offset=&#8221;vc_col-lg-8&#8243; css=&#8221;.vc_custom_1485439524000{padding-top: 58px !important;}&#8221;][vc_custom_heading source=&#8221;post_title&#8221; use_theme_fonts=&#8221;yes&#8221; css=&#8221;.vc_custom_1567710727210{margin-bottom: 51px !important;}&#8221;][vc_column_text css=&#8221;.vc_custom_1567710678400{margin-bottom: 30px !important;}&#8221;]N&#8217;h\u00e9sitez pas \u00e0 prendre contact avec nos \u00e9quipes si vous \u00eates int\u00e9ress\u00e9s ou avez des questions![\/vc_column_text][vc_custom_heading stripe_pos=&#8221;hide&#8221; text=&#8221;service commercial et support&#8221; font_container=&#8221;tag:h3|font_size:20px|text_align:left|color:%23222222|line_height:45px&#8221; use_theme_fonts=&#8221;yes&#8221; el_class=&#8221;border_base_color&#8221; css=&#8221;.vc_custom_1575473552150{margin-top: -5px !important;margin-bottom: -22px !important;border-top-width: 3px !important;padding-top: 0px !important;padding-bottom: 10px !important;border-top-style: solid !important;}&#8221;][vc_row_inner][vc_column_inner width=&#8221;1\/2&#8243; css=&#8221;.vc_custom_1485495966997{margin-bottom: 5px<\/p>\n","protected":false},"author":1,"featured_media":0,"parent":0,"menu_order":0,"comment_status":"closed","ping_status":"closed","template":"","meta":[],"_links":{"self":[{"href":"https:\/\/aroolla.com\/fr\/wp-json\/wp\/v2\/pages\/1483"}],"collection":[{"href":"https:\/\/aroolla.com\/fr\/wp-json\/wp\/v2\/pages"}],"about":[{"href":"https:\/\/aroolla.com\/fr\/wp-json\/wp\/v2\/types\/page"}],"author":[{"embeddable":true,"href":"https:\/\/aroolla.com\/fr\/wp-json\/wp\/v2\/users\/1"}],"replies":[{"embeddable":true,"href":"https:\/\/aroolla.com\/fr\/wp-json\/wp\/v2\/comments?post=1483"}],"version-history":[{"count":14,"href":"https:\/\/aroolla.com\/fr\/wp-json\/wp\/v2\/pages\/1483\/revisions"}],"predecessor-version":[{"id":7082,"href":"https:\/\/aroolla.com\/fr\/wp-json\/wp\/v2\/pages\/1483\/revisions\/7082"}],"wp:attachment":[{"href":"https:\/\/aroolla.com\/fr\/wp-json\/wp\/v2\/media?parent=1483"}],"curies":[{"name":"wp","href":"https:\/\/api.w.org\/{rel}","templated":true}]}}