{"id":1071,"date":"2015-12-14T07:14:55","date_gmt":"2015-12-14T07:14:55","guid":{"rendered":"http:\/\/consulting.stylemixthemes.com\/?page_id=2"},"modified":"2019-09-06T12:50:30","modified_gmt":"2019-09-06T11:50:30","slug":"sample-page-2","status":"publish","type":"page","link":"https:\/\/aroolla.com\/fr\/","title":{"rendered":"Home"},"content":{"rendered":"<p>[vc_row][vc_column][rev_slider_vc alias=&#8221;main_slider&#8221;][\/vc_column][\/vc_row][vc_row full_width=&#8221;stretch_row&#8221; css=&#8221;.vc_custom_1544676128066{background-color: #f5f5f5 !important;}&#8221;][vc_column][stm_spacing lg_spacing=&#8221;80&#8243; md_spacing=&#8221;80&#8243; sm_spacing=&#8221;70&#8243; xs_spacing=&#8221;50&#8243;][vc_custom_heading text=&#8221;Pourquoi choisir Aroolla?&#8221; font_container=&#8221;tag:h2|text_align:center&#8221; use_theme_fonts=&#8221;yes&#8221; el_class=&#8221;letter-spacing-11&#8243;][stm_spacing lg_spacing=&#8221;30&#8243; md_spacing=&#8221;30&#8243; sm_spacing=&#8221;20&#8243; xs_spacing=&#8221;20&#8243;][vc_row_inner][vc_column_inner offset=&#8221;vc_col-lg-4 vc_col-md-4&#8243;][stm_animation_block animation=&#8221;fadeInUp&#8221; animation_duration=&#8221;0.5&#8243; animation_delay=&#8221;0&#8243;][stm_info_box style=&#8221;style_6&#8243; title_icon=&#8221;stm-plant7&#8243; icon=&#8221;fa fa-chevron-right&#8221; title=&#8221;Concept \u00e9prouv\u00e9&#8221; title_icon_size=&#8221;34&#8243; link=&#8221;url:https%3A%2F%2Faroolla.com%2Fabout%2Four-approach%2F|title:Notre%20concept||&#8221;]Les jeux s\u00e9rieux ouvrent de nouvelles possibilit\u00e9s dans le domaine de l&#8217;\u00e9ducation et de la formation. D\u00e9couvrez comment ils sont \u00e0 la base de nos solutions.[\/stm_info_box][\/stm_animation_block][stm_spacing lg_spacing=&#8221;20px&#8221; md_spacing=&#8221;20px&#8221; sm_spacing=&#8221;30px&#8221; xs_spacing=&#8221;30px&#8221;][\/vc_column_inner][vc_column_inner offset=&#8221;vc_col-lg-4 vc_col-md-4&#8243;][stm_animation_block animation=&#8221;fadeInUp&#8221; animation_duration=&#8221;0.5&#8243; animation_delay=&#8221;0.2&#8243;][stm_info_box style=&#8221;style_6&#8243; title_icon=&#8221;stm-bar-graph7&#8243; icon=&#8221;fa fa-chevron-right&#8221; title=&#8221;Soutien p\u00e9dagogique&#8221; title_icon_size=&#8221;32&#8243; link=&#8221;url:https%3A%2F%2Faroolla.com%2Fabout%2Fteam%2F|title:Notre%20%C3%A9quipe||&#8221;]Profitez de l&#8217;exp\u00e9rience des concepteurs pour int\u00e9grer nos solutions dans votre concept p\u00e9dagogique.[\/stm_info_box][\/stm_animation_block][stm_spacing lg_spacing=&#8221;20px&#8221; md_spacing=&#8221;20px&#8221; sm_spacing=&#8221;30px&#8221; xs_spacing=&#8221;30px&#8221;][\/vc_column_inner][vc_column_inner offset=&#8221;vc_col-lg-4 vc_col-md-4&#8243;][stm_animation_block animation=&#8221;fadeInUp&#8221; animation_duration=&#8221;0.5&#8243; animation_delay=&#8221;0.4&#8243;][stm_info_box style=&#8221;style_6&#8243; title_icon=&#8221;stm-plane6&#8243; icon=&#8221;fa fa-chevron-right&#8221; title=&#8221;Univers vari\u00e9s&#8221; title_icon_size=&#8221;32&#8243; link=&#8221;url:https%3A%2F%2Faroolla.com%2Fgames%2Fles-types-de-jeux%2F|title:Les%20types%20de%20jeux||&#8221;]Gr\u00e2ce \u00e0 nos diff\u00e9rents univers, que ce soit dans le domaine des services ou de l&#8217;industrie, nous avons la solution qu&#8217;il vous faut.[\/stm_info_box][\/stm_animation_block][\/vc_column_inner][\/vc_row_inner][stm_spacing lg_spacing=&#8221;80&#8243; md_spacing=&#8221;80&#8243; sm_spacing=&#8221;80&#8243; xs_spacing=&#8221;75&#8243;][\/vc_column][\/vc_row][vc_row el_id=&#8221;about_us&#8221;][vc_column][stm_spacing lg_spacing=&#8221;60&#8243; md_spacing=&#8221;60&#8243; sm_spacing=&#8221;60&#8243; xs_spacing=&#8221;50&#8243;][vc_custom_heading text=&#8221;A propos de nous&#8221; use_theme_fonts=&#8221;yes&#8221; el_class=&#8221;letter-spacing-11&#8243;][stm_spacing lg_spacing=&#8221;20&#8243; md_spacing=&#8221;20&#8243; sm_spacing=&#8221;20&#8243; xs_spacing=&#8221;10&#8243;][\/vc_column][\/vc_row][vc_row][vc_column offset=&#8221;vc_col-lg-6 vc_col-md-6&#8243;][stm_animation_block animation=&#8221;fadeIn&#8221; animation_duration=&#8221;0.5&#8243; animation_delay=&#8221;0&#8243;][vc_column_text]<span style=\"font-weight: 400;\">Gr\u00e2ce \u00e0 la collaboration de la Haute \u00e9cole de gestion Arc (HES-SO), de HEC Lausanne et de la soci\u00e9t\u00e9 Camptocamp, les jeux s\u00e9rieux Aroolla b\u00e9n\u00e9ficient de 2 p\u00f4les de comp\u00e9tences compl\u00e9mentaires: la longue exp\u00e9rience p\u00e9dagogique de professeurs en management des syst\u00e8mes d\u2019information,\u00a0 et les nombreux d\u00e9veloppements et int\u00e9grations d\u2019Odoo men\u00e9s en Suisse et \u00e0 l\u2019\u00e9tranger par le premier partenaire gold d\u2019Odoo.<\/span><\/p>\n<p><span style=\"font-weight: 400;\">Les produits Aroolla sont destin\u00e9s aux \u00e9tablissements d\u2019enseignement sup\u00e9rieur ainsi qu\u2019aux int\u00e9grateurs et utilisateurs d\u2019Odoo. Ces derniers peuvent d\u00e9montrer les possibilit\u00e9s d\u2019Odoo \u00e0 leurs clients gr\u00e2ce au caract\u00e8re r\u00e9aliste et ludique des jeux Aroolla. Notre gamme de jeux innovant couvre une large palette d\u2019objectifs p\u00e9dagogiques et permet de construire de multiples sc\u00e9narios d\u2019apprentissage pour l\u2019enseignement sup\u00e9rieur. De la d\u00e9couverte des processus m\u00e9tier \u00e0 la mise en oeuvre d\u2019une strat\u00e9gie business en passant par la gestion des donn\u00e9es ma\u00eetre et l\u2019ex\u00e9cution de processus m\u00e9tier, les jeux Aroolla s\u2019adaptent \u00e0 tous les besoins.<\/span>[\/vc_column_text][\/stm_animation_block][\/vc_column][vc_column offset=&#8221;vc_col-lg-6 vc_col-md-6&#8243;][vc_single_image image=&#8221;4892&#8243; img_size=&#8221;medium&#8221; alignment=&#8221;right&#8221; onclick=&#8221;custom_link&#8221; img_link_target=&#8221;_blank&#8221; link=&#8221;http:\/\/www.he-arc.ch\/gestion&#8221;][stm_spacing lg_spacing=&#8221;65&#8243; md_spacing=&#8221;65&#8243; sm_spacing=&#8221;50&#8243; xs_spacing=&#8221;40&#8243;][vc_single_image image=&#8221;4900&#8243; img_size=&#8221;medium&#8221; alignment=&#8221;right&#8221; onclick=&#8221;custom_link&#8221; img_link_target=&#8221;_blank&#8221; link=&#8221;https:\/\/www.camptocamp.com\/&#8221;][\/vc_column][\/vc_row][vc_row full_width=&#8221;stretch_row&#8221; css=&#8221;.vc_custom_1566937144251{background-image: url(https:\/\/aroolla.com\/wp-content\/uploads\/2019\/08\/landscape-mountain-snow-winter-sky-sport-232995-pxhere.com_.jpg?id=4863) !important;}&#8221;][vc_column][stm_spacing lg_spacing=&#8221;50&#8243; md_spacing=&#8221;50&#8243; sm_spacing=&#8221;60&#8243; xs_spacing=&#8221;60&#8243;][vc_row_inner content_placement=&#8221;middle&#8221;][vc_column_inner width=&#8221;7\/12&#8243; offset=&#8221;vc_col-lg-8 vc_col-md-8&#8243;][vc_column_text css=&#8221;.vc_custom_1567157864977{margin-bottom: 0px !important;}&#8221; el_class=&#8221;text-center_in_mobile&#8221;]<\/p>\n<h4 class=\"no_stripe\" style=\"padding: 0; color: #ffffff; letter-spacing: 7px;\">Nous nous r\u00e9jouissons de collaborer\u00a0<span class=\"special_text\" style=\"color: #ec008c; letter-spacing: 7px;\">avec vous, \u00e0 travers le monde.<\/span><\/h4>\n<p>[\/vc_column_text][stm_spacing lg_spacing=&#8221;0&#8243; md_spacing=&#8221;0&#8243; sm_spacing=&#8221;0&#8243; xs_spacing=&#8221;30&#8243;][\/vc_column_inner][vc_column_inner width=&#8221;5\/12&#8243; offset=&#8221;vc_col-lg-4 vc_col-md-4&#8243;][vc_btn title=&#8221;DEMANDEZ UNE OFFRE&#8221; style=&#8221;outline&#8221; shape=&#8221;square&#8221; color=&#8221;theme_style_4&#8243; align=&#8221;right&#8221; i_align=&#8221;right&#8221; i_icon_fontawesome=&#8221;stm-stm14_right_arrow&#8221; add_icon=&#8221;true&#8221; link=&#8221;url:https%3A%2F%2Faroolla.com%2Fcontact%2F|title:Contact||&#8221;][\/vc_column_inner][\/vc_row_inner][stm_spacing lg_spacing=&#8221;50&#8243; md_spacing=&#8221;50&#8243; sm_spacing=&#8221;60&#8243; xs_spacing=&#8221;70&#8243;][\/vc_column][\/vc_row][vc_row full_width=&#8221;stretch_row&#8221; css=&#8221;.vc_custom_1544690976827{background-color: #f5f5f5 !important;}&#8221;][vc_column][stm_spacing lg_spacing=&#8221;80&#8243; md_spacing=&#8221;80&#8243; sm_spacing=&#8221;60&#8243; xs_spacing=&#8221;50&#8243;][vc_custom_heading text=&#8221;Our Core Values&#8221; font_container=&#8221;tag:h2|text_align:center&#8221; use_theme_fonts=&#8221;yes&#8221; el_class=&#8221;letter-spacing-11&#8243;][stm_spacing lg_spacing=&#8221;30&#8243; md_spacing=&#8221;30&#8243; sm_spacing=&#8221;30&#8243; xs_spacing=&#8221;30&#8243;][vc_row_inner][vc_column_inner width=&#8221;1\/2&#8243; offset=&#8221;vc_col-lg-3 vc_col-md-3&#8243;][stm_animation_block animation=&#8221;fadeInUp&#8221; animation_duration=&#8221;0.5&#8243; animation_delay=&#8221;0&#8243;][stm_icon_box hide_title_line=&#8221;hide_title_line&#8221; icon=&#8221;stm-delhi-heands&#8221; style=&#8221;icon_left&#8221; icon_size=&#8221;48&#8243; icon_color=&#8221;third&#8221; icon_bg_color=&#8221;custom&#8221; icon_width=&#8221;68&#8243; title=&#8221;Excellence<br \/>\nop\u00e9rationnelle&#8221;]D\u00e9velopp\u00e9 par le premier partenaire Gold d&#8217;Odoo avec plus de 15 ans d&#8217;exp\u00e9rience d&#8217;int\u00e9gration.[\/stm_icon_box][\/stm_animation_block][stm_spacing lg_spacing=&#8221;17&#8243; md_spacing=&#8221;17&#8243; sm_spacing=&#8221;30&#8243; xs_spacing=&#8221;30&#8243;][\/vc_column_inner][vc_column_inner width=&#8221;1\/2&#8243; offset=&#8221;vc_col-lg-3 vc_col-md-3&#8243;][stm_animation_block animation=&#8221;fadeInUp&#8221; animation_duration=&#8221;0.5&#8243; animation_delay=&#8221;0.2&#8243;][stm_icon_box hide_title_line=&#8221;hide_title_line&#8221; icon=&#8221;fa fa-graduation-cap&#8221; style=&#8221;icon_left&#8221; icon_size=&#8221;48&#8243; icon_color=&#8221;third&#8221; icon_bg_color=&#8221;custom&#8221; icon_width=&#8221;68&#8243; title=&#8221;Eprouv\u00e9<br \/>\np\u00e9dagogiquement&#8221;]Utilis\u00e9 dans l&#8217;enseignement depuis de nombreuses ann\u00e9es, des centaines d&#8217;\u00e9tudiant\u00b7e\u00b7s ont utilis\u00e9 les jeux.[\/stm_icon_box][\/stm_animation_block][stm_spacing lg_spacing=&#8221;17&#8243; md_spacing=&#8221;17&#8243; sm_spacing=&#8221;30&#8243; xs_spacing=&#8221;30&#8243;][\/vc_column_inner][vc_column_inner width=&#8221;1\/2&#8243; offset=&#8221;vc_col-lg-3 vc_col-md-3&#8243;][stm_animation_block animation=&#8221;fadeInUp&#8221; animation_duration=&#8221;0.5&#8243; animation_delay=&#8221;0.4&#8243;][stm_icon_box hide_title_line=&#8221;hide_title_line&#8221; icon=&#8221;fa fa-github-alt&#8221; style=&#8221;icon_left&#8221; icon_size=&#8221;50&#8243; icon_color=&#8221;third&#8221; icon_bg_color=&#8221;custom&#8221; icon_width=&#8221;68&#8243; title=&#8221;Ouvert<br \/>\net libre&#8221;]Le coeur du simulateur et les composants les plus importants sont publi\u00e9s sous licence LGPL v3.[\/stm_icon_box][\/stm_animation_block][stm_spacing lg_spacing=&#8221;17&#8243; md_spacing=&#8221;17&#8243; sm_spacing=&#8221;30&#8243; xs_spacing=&#8221;30&#8243;][\/vc_column_inner][vc_column_inner width=&#8221;1\/2&#8243; offset=&#8221;vc_col-lg-3 vc_col-md-3&#8243;][stm_animation_block animation=&#8221;fadeInUp&#8221; animation_duration=&#8221;0.5&#8243; animation_delay=&#8221;0.6&#8243;][stm_icon_box hide_title_line=&#8221;hide_title_line&#8221; icon=&#8221;fa fa-mixcloud&#8221; style=&#8221;icon_left&#8221; icon_size=&#8221;47&#8243; icon_color=&#8221;third&#8221; icon_bg_color=&#8221;custom&#8221; icon_width=&#8221;68&#8243; title=&#8221;Haute<br \/>\ndisponibilit\u00e9&#8221;]Nos jeux tournent sur les plus grands services de cloud et les instances sont d\u00e9ploy\u00e9es dans les r\u00e9gions des clients.[\/stm_icon_box][\/stm_animation_block][stm_spacing lg_spacing=&#8221;17&#8243; md_spacing=&#8221;17&#8243; sm_spacing=&#8221;30&#8243; xs_spacing=&#8221;30&#8243;][\/vc_column_inner][\/vc_row_inner][vc_row_inner][vc_column_inner width=&#8221;1\/2&#8243; offset=&#8221;vc_col-lg-3 vc_col-md-3&#8243;][stm_animation_block animation=&#8221;fadeInUp&#8221; animation_duration=&#8221;0.5&#8243; animation_delay=&#8221;0&#8243;][stm_icon_box hide_title_line=&#8221;hide_title_line&#8221; icon=&#8221;stm-delhi-medal&#8221; style=&#8221;icon_left&#8221; icon_size=&#8221;48&#8243; icon_color=&#8221;third&#8221; icon_bg_color=&#8221;custom&#8221; icon_width=&#8221;68&#8243; title=&#8221;Support et<br \/>\nassistance&#8221;]Nos \u00e9quipes de support sont disponibles pour vous assister durant toutes les phases d&#8217;utilisation.[\/stm_icon_box][\/stm_animation_block][stm_spacing lg_spacing=&#8221;17&#8243; md_spacing=&#8221;17&#8243; sm_spacing=&#8221;30&#8243; xs_spacing=&#8221;30&#8243;][\/vc_column_inner][vc_column_inner width=&#8221;1\/2&#8243; offset=&#8221;vc_col-lg-3 vc_col-md-3&#8243;][stm_animation_block animation=&#8221;fadeInUp&#8221; animation_duration=&#8221;0.5&#8243; animation_delay=&#8221;0.2&#8243;][stm_icon_box hide_title_line=&#8221;hide_title_line&#8221; icon=&#8221;stm-delhi-lamp&#8221; style=&#8221;icon_left&#8221; icon_size=&#8221;48&#8243; icon_color=&#8221;third&#8221; icon_bg_color=&#8221;custom&#8221; icon_width=&#8221;68&#8243; title=&#8221;Innovation<br \/>\net recherche&#8221;]Notre fort encrage acad\u00e9mique nous permet de rester \u00e0 la pointe de l&#8217;innovation p\u00e9dagogique.[\/stm_icon_box][\/stm_animation_block][stm_spacing lg_spacing=&#8221;17&#8243; md_spacing=&#8221;17&#8243; sm_spacing=&#8221;30&#8243; xs_spacing=&#8221;30&#8243;][\/vc_column_inner][vc_column_inner width=&#8221;1\/2&#8243; offset=&#8221;vc_col-lg-3 vc_col-md-3&#8243;][stm_animation_block animation=&#8221;fadeInUp&#8221; animation_duration=&#8221;0.5&#8243; animation_delay=&#8221;0.4&#8243;][stm_icon_box hide_title_line=&#8221;hide_title_line&#8221; icon=&#8221;fa fa-terminal&#8221; style=&#8221;icon_left&#8221; icon_size=&#8221;46&#8243; icon_color=&#8221;third&#8221; icon_bg_color=&#8221;custom&#8221; icon_width=&#8221;68&#8243; title=&#8221;Am\u00e9lioration<br \/>\ncontinue&#8221;]Nos solutions font l&#8217;objet de d\u00e9veloppements continus afin d&#8217;offrir les meilleurs services pour vos sc\u00e9narios p\u00e9dagogiques.[\/stm_icon_box][\/stm_animation_block][stm_spacing lg_spacing=&#8221;17&#8243; md_spacing=&#8221;17&#8243; sm_spacing=&#8221;30&#8243; xs_spacing=&#8221;30&#8243;][\/vc_column_inner][vc_column_inner width=&#8221;1\/2&#8243; offset=&#8221;vc_col-lg-3 vc_col-md-3&#8243;][stm_animation_block animation=&#8221;fadeInUp&#8221; animation_duration=&#8221;0.5&#8243; animation_delay=&#8221;0.6&#8243;][stm_icon_box hide_title_line=&#8221;hide_title_line&#8221; icon=&#8221;fa fa-plus-square&#8221; style=&#8221;icon_left&#8221; icon_size=&#8221;46&#8243; icon_color=&#8221;third&#8221; icon_bg_color=&#8221;custom&#8221; icon_width=&#8221;68&#8243; title=&#8221;Swiss<br \/>\nmade&#8221;]Ancr\u00e9 au coeur de l&#8217;Europe, tous nos jeux sont con\u00e7us et d\u00e9velopp\u00e9s en Suisse.[\/stm_icon_box][\/stm_animation_block][stm_spacing lg_spacing=&#8221;17&#8243; md_spacing=&#8221;17&#8243; sm_spacing=&#8221;0&#8243; xs_spacing=&#8221;0&#8243;][\/vc_column_inner][\/vc_row_inner][stm_spacing lg_spacing=&#8221;60&#8243; md_spacing=&#8221;60&#8243; sm_spacing=&#8221;40&#8243; xs_spacing=&#8221;30&#8243;][\/vc_column][\/vc_row][vc_row full_width=&#8221;stretch_row_content_no_spaces&#8221;][vc_column][stm_testimonials count=&#8221;2&#8243; style=&#8221;style_3&#8243; category=&#8221;background&#8221; loop=&#8221;yes&#8221;][\/vc_column][\/vc_row]<\/p>\n","protected":false},"excerpt":{"rendered":"<p>[vc_row][vc_column][rev_slider_vc alias=&#8221;main_slider&#8221;][\/vc_column][\/vc_row][vc_row full_width=&#8221;stretch_row&#8221; css=&#8221;.vc_custom_1544676128066{background-color: #f5f5f5 !important;}&#8221;][vc_column][stm_spacing lg_spacing=&#8221;80&#8243; md_spacing=&#8221;80&#8243; sm_spacing=&#8221;70&#8243; xs_spacing=&#8221;50&#8243;][vc_custom_heading text=&#8221;Pourquoi choisir Aroolla?&#8221; font_container=&#8221;tag:h2|text_align:center&#8221; use_theme_fonts=&#8221;yes&#8221; el_class=&#8221;letter-spacing-11&#8243;][stm_spacing lg_spacing=&#8221;30&#8243; md_spacing=&#8221;30&#8243; sm_spacing=&#8221;20&#8243; xs_spacing=&#8221;20&#8243;][vc_row_inner][vc_column_inner offset=&#8221;vc_col-lg-4 vc_col-md-4&#8243;][stm_animation_block animation=&#8221;fadeInUp&#8221; animation_duration=&#8221;0.5&#8243; animation_delay=&#8221;0&#8243;][stm_info_box style=&#8221;style_6&#8243; title_icon=&#8221;stm-plant7&#8243; icon=&#8221;fa fa-chevron-right&#8221; title=&#8221;Concept \u00e9prouv\u00e9&#8221; title_icon_size=&#8221;34&#8243; link=&#8221;url:https%3A%2F%2Faroolla.com%2Fabout%2Four-approach%2F|title:Notre%20concept||&#8221;]Les jeux s\u00e9rieux ouvrent de nouvelles possibilit\u00e9s dans le domaine de l&#8217;\u00e9ducation et de la formation. D\u00e9couvrez comment ils sont \u00e0 la base<\/p>\n","protected":false},"author":1,"featured_media":0,"parent":0,"menu_order":0,"comment_status":"closed","ping_status":"closed","template":"","meta":[],"_links":{"self":[{"href":"https:\/\/aroolla.com\/fr\/wp-json\/wp\/v2\/pages\/1071"}],"collection":[{"href":"https:\/\/aroolla.com\/fr\/wp-json\/wp\/v2\/pages"}],"about":[{"href":"https:\/\/aroolla.com\/fr\/wp-json\/wp\/v2\/types\/page"}],"author":[{"embeddable":true,"href":"https:\/\/aroolla.com\/fr\/wp-json\/wp\/v2\/users\/1"}],"replies":[{"embeddable":true,"href":"https:\/\/aroolla.com\/fr\/wp-json\/wp\/v2\/comments?post=1071"}],"version-history":[{"count":31,"href":"https:\/\/aroolla.com\/fr\/wp-json\/wp\/v2\/pages\/1071\/revisions"}],"predecessor-version":[{"id":5285,"href":"https:\/\/aroolla.com\/fr\/wp-json\/wp\/v2\/pages\/1071\/revisions\/5285"}],"wp:attachment":[{"href":"https:\/\/aroolla.com\/fr\/wp-json\/wp\/v2\/media?parent=1071"}],"curies":[{"name":"wp","href":"https:\/\/api.w.org\/{rel}","templated":true}]}}